{"id":1837,"date":"2021-10-23T21:25:47","date_gmt":"2021-10-23T21:25:47","guid":{"rendered":"https:\/\/alb-link.al\/?post_type=product&#038;p=1837"},"modified":"2021-10-23T21:25:47","modified_gmt":"2021-10-23T21:25:47","slug":"ubiquiti-unifi-protect-g4-ptz-uvc-g4-ptz","status":"publish","type":"product","link":"https:\/\/alb-link.al\/?product=ubiquiti-unifi-protect-g4-ptz-uvc-g4-ptz","title":{"rendered":"Ubiquiti UniFi Protect G4 PTZ ( UVC-G4-PTZ)"},"content":{"rendered":"<p>UniFi Protect G4 PTZ ( UVC-G4-PTZ)<\/p>\n<p>UniFi Protect G4 PTZ is a high-performance pan-tilt-zoom camera with 4K, 24 FPS video streaming, 22x optical zoom, and adaptive IR LED night vision.<br \/>\nG4 PTZ is a superior surveillance camera for shopping centers, parking lots, airports, train stations, and other transportation hubs. Pairing G4 PTZ\u00e2\u20ac\u2122s advanced optical and video technologies with UniFi Protect\u00e2\u20ac\u2122s ease of use creates a unique solution for the most demanding environments. G4 PTZ comes with IP66 weatherproof casing and flexible powering options.<\/p>\n<p>Main features:<\/p>\n<p>    4K, 24 FPS video stream<br \/>\n    22x optical zoom with F1.5 lens<br \/>\n    Tamper-resistant pan and tilt with servo feedback<br \/>\n    Multi-exposure HDR<br \/>\n    Adaptive IR LEDs, night vision distance up to 100 m<br \/>\n    Flexible power options: 802.3bt PoE++<br \/>\n    IP66 weatherproof rating<br \/>\n    Operating temperature -40\u00cb\u0161 to + 50\u00cb\u0161C (-40\u00cb\u0161 to +122\u00cb\u0161F)<br \/>\n    Managed by UniFi Protect software and mobile app <\/p>\n<p>Note: UniFi Protect is required to run this product with full functionality, we recommend using it with UniFi Dream Machine PRO or UniFi Protect Network Video Recorder.<\/p>\n","protected":false},"excerpt":{"rendered":"<p>Technical Specification<br \/>\nMechanical<br \/>\nDimension \t207 x 223.7 x 341.3 mm (8.15 x 8.81 x 13.44&#8243;)<br \/>\nWeight \tWithout Mount: 3.8 kg (8.38 lb)<br \/>\nWith Mount: 6.8 kg (14.99 lb)<br \/>\nEnclosure Materials \tMetal and Plastic<br \/>\nMount Material \tMetal<br \/>\nIP Rating \tIP66<br \/>\nOptic<br \/>\nSensor \tSony 4K (8 MP) 1\/1.8&#8243; CMOS Sensor<br \/>\nLens \t22x Optical Zoom<br \/>\nView Angle \tH: 3 to 64\u00b0<br \/>\nV:2to37\u00b0<br \/>\nNight Mode \tBuilt-in IR LED Illumination and IR Cut Filter<br \/>\nVideo<br \/>\nVideo Compression \tH.264<br \/>\nResolution \t4K2K (3840 x 2160)<br \/>\nMaximum Frame Rate \t24 FPS<br \/>\nSystem<br \/>\nProcessor Specs \tAmbarella S5L66<br \/>\nMemory Information \t1 GB<br \/>\nNetworking Interface \tRJ45, 10\/100\/1000 Mbps Gigabit Ethernet<br \/>\nFlash Memory Support \t256 MB<br \/>\nMax. Power Consumption \t42.9W<br \/>\nPower Method \t802.3bt PoE++<br \/>\nSupported Voltage Range \t802.3bt PoE++<br \/>\nButton \tFactory Reset Button<br \/>\nMounting \tWall Mount<br \/>\nOperating Temperature \t-40 to 50o C (-40 to 122o F)<br \/>\nOperating Humidity \t0 to 90% Noncondensing<br \/>\nCertifications \tFCC, IC, CE<\/p>\n","protected":false},"featured_media":1838,"comment_status":"open","ping_status":"closed","template":"","meta":[],"product_cat":[35,49],"product_tag":[],"class_list":{"0":"post-1837","1":"product","2":"type-product","3":"status-publish","4":"has-post-thumbnail","6":"product_cat-ubiquiti-networks","7":"product_cat-unifi-protect-video","9":"first","10":"instock","11":"shipping-taxable","12":"purchasable","13":"product-type-simple"},"_links":{"self":[{"href":"https:\/\/alb-link.al\/index.php?rest_route=\/wp\/v2\/product\/1837","targetHints":{"allow":["GET"]}}],"collection":[{"href":"https:\/\/alb-link.al\/index.php?rest_route=\/wp\/v2\/product"}],"about":[{"href":"https:\/\/alb-link.al\/index.php?rest_route=\/wp\/v2\/types\/product"}],"replies":[{"embeddable":true,"href":"https:\/\/alb-link.al\/index.php?rest_route=%2Fwp%2Fv2%2Fcomments&post=1837"}],"wp:featuredmedia":[{"embeddable":true,"href":"https:\/\/alb-link.al\/index.php?rest_route=\/wp\/v2\/media\/1838"}],"wp:attachment":[{"href":"https:\/\/alb-link.al\/index.php?rest_route=%2Fwp%2Fv2%2Fmedia&parent=1837"}],"wp:term":[{"taxonomy":"product_cat","embeddable":true,"href":"https:\/\/alb-link.al\/index.php?rest_route=%2Fwp%2Fv2%2Fproduct_cat&post=1837"},{"taxonomy":"product_tag","embeddable":true,"href":"https:\/\/alb-link.al\/index.php?rest_route=%2Fwp%2Fv2%2Fproduct_tag&post=1837"}],"curies":[{"name":"wp","href":"https:\/\/api.w.org\/{rel}","templated":true}]}}